{"id":9,"date":"2019-10-29T10:04:28","date_gmt":"2019-10-29T10:04:28","guid":{"rendered":"https:\/\/demo.casethemes.net\/consultio-corporate3\/?page_id=9"},"modified":"2026-01-15T16:10:28","modified_gmt":"2026-01-15T16:10:28","slug":"home","status":"publish","type":"page","link":"https:\/\/english4fun.info\/","title":{"rendered":"Hlavn\u00ed str\u00e1nka"},"content":{"rendered":"\t\t<div data-elementor-type=\"wp-page\" data-elementor-id=\"9\" class=\"elementor elementor-9\">\n\t\t\t\t<div class=\"elementor-element elementor-element-d4d53e2 e-flex e-con-boxed e-con e-parent\" data-id=\"d4d53e2\" data-element_type=\"container\" data-settings=\"{&quot;background_background&quot;:&quot;classic&quot;}\">\n\t\t\t\t\t<div class=\"e-con-inner\">\n\t\t\t\t<div class=\"elementor-element elementor-element-dc5c7e3 elementor-widget elementor-widget-heading\" data-id=\"dc5c7e3\" data-element_type=\"widget\" data-widget_type=\"heading.default\">\n\t\t\t\t<div class=\"elementor-widget-container\">\n\t\t\t\t\t<h1 class=\"elementor-heading-title elementor-size-default\">Kurzy anglick\u00e9 konverzace @ english4fun <\/h1>\t\t\t\t<\/div>\n\t\t\t\t<\/div>\n\t\t\t\t<div class=\"elementor-element elementor-element-44a78af elementor-align-center elementor-widget elementor-widget-button\" data-id=\"44a78af\" data-element_type=\"widget\" data-widget_type=\"button.default\">\n\t\t\t\t<div class=\"elementor-widget-container\">\n\t\t\t\t\t\t\t\t\t<div class=\"elementor-button-wrapper\">\n\t\t\t\t\t<a class=\"elementor-button elementor-button-link elementor-size-md\" href=\"https:\/\/english4fun.info\/contact\/\">\n\t\t\t\t\t\t<span class=\"elementor-button-content-wrapper\">\n\t\t\t\t\t\t\t\t\t<span class=\"elementor-button-text\">Kontakt<\/span>\n\t\t\t\t\t<\/span>\n\t\t\t\t\t<\/a>\n\t\t\t\t<\/div>\n\t\t\t\t\t\t\t\t<\/div>\n\t\t\t\t<\/div>\n\t\t\t\t\t<\/div>\n\t\t\t\t<\/div>\n\t\t<div class=\"elementor-element elementor-element-5cca02c e-flex e-con-boxed e-con e-parent\" data-id=\"5cca02c\" data-element_type=\"container\">\n\t\t\t\t\t<div class=\"e-con-inner\">\n\t\t\t\t<div class=\"elementor-element elementor-element-3250a3a elementor-widget elementor-widget-heading\" data-id=\"3250a3a\" data-element_type=\"widget\" data-widget_type=\"heading.default\">\n\t\t\t\t<div class=\"elementor-widget-container\">\n\t\t\t\t\t<h2 class=\"elementor-heading-title elementor-size-default\">Pracujeme se studenty na odbour\u00e1n\u00ed strachu, pos\u00edlen\u00ed  jejich sebev\u011bdom\u00ed a komfortu p\u0159i ka\u017edodenn\u00ed komunikaci v angli\u010dtin\u011b.\n<\/h2>\t\t\t\t<\/div>\n\t\t\t\t<\/div>\n\t\t\t\t<div class=\"elementor-element elementor-element-d5ad995 elementor-widget elementor-widget-text-editor\" data-id=\"d5ad995\" data-element_type=\"widget\" data-widget_type=\"text-editor.default\">\n\t\t\t\t<div class=\"elementor-widget-container\">\n\t\t\t\t\t\t\t\t\t<p>Odbour\u00e1n\u00ed strachu a ostychu, rozvoj sebev\u011bdom\u00ed a komfortu student\u016f p\u0159i be\u017en\u00e9 anglick\u00e9 konverzaci je kl\u00ed\u010dov\u00fdm aspektem jazykov\u00e9ho vzd\u011bl\u00e1v\u00e1n\u00ed, kter\u00fd zahrnuje r\u016fzn\u00e9 strategie a p\u0159\u00edstupy. C\u00edlem je pomoci student\u016fm st\u00e1t se plynulej\u0161\u00edmi a sebejist\u011bj\u0161\u00edmi p\u0159i pou\u017e\u00edv\u00e1n\u00ed angli\u010dtiny v b\u011b\u017en\u00e9m \u017eivot\u011b, a tak\u00e9 m\u00edt lep\u0161\u00ed uplatn\u011bn\u00ed v\u00a0budoucnu.<\/p>\t\t\t\t\t\t\t\t<\/div>\n\t\t\t\t<\/div>\n\t\t\t\t\t<\/div>\n\t\t\t\t<\/div>\n\t\t        <section class=\"elementor-section elementor-top-section elementor-element elementor-element-e77186b elementor-section-boxed elementor-section-height-default elementor-section-height-default ct-header-fixed-none ct-row-max-none\" data-id=\"e77186b\" data-element_type=\"section\">\n            \n                        <div class=\"elementor-container elementor-column-gap-extended \">\n                    <div class=\"elementor-column elementor-col-33 elementor-top-column elementor-element elementor-element-7b869be\" data-id=\"7b869be\" data-element_type=\"column\">\n        <div class=\"elementor-widget-wrap elementor-element-populated\">\n                    \n        \t\t<div class=\"elementor-element elementor-element-ecb2259 elementor-view-default elementor-mobile-position-top elementor-vertical-align-top elementor-widget elementor-widget-icon-box\" data-id=\"ecb2259\" data-element_type=\"widget\" data-widget_type=\"icon-box.default\">\n\t\t\t\t<div class=\"elementor-widget-container\">\n\t\t\t\t\t\t\t<div class=\"elementor-icon-box-wrapper\">\n\n\t\t\t\t\t\t<div class=\"elementor-icon-box-icon\">\n\t\t\t\t<span  class=\"elementor-icon\">\n\t\t\t\t<i aria-hidden=\"true\" class=\"fas fa-book-reader\"><\/i>\t\t\t\t<\/span>\n\t\t\t<\/div>\n\t\t\t\n\t\t\t\t\t\t<div class=\"elementor-icon-box-content\">\n\n\t\t\t\t\t\t\t\t\t<h5 class=\"elementor-icon-box-title\">\n\t\t\t\t\t\t<span  >\n\t\t\t\t\t\t\tU\u010den\u00ed by mohlo a m\u011blo b\u00fdt z\u00e1bavn\u00e9!\t\t\t\t\t\t<\/span>\n\t\t\t\t\t<\/h5>\n\t\t\t\t\n\t\t\t\t\t\t\t\t\t<p class=\"elementor-icon-box-description\">\n\t\t\t\t\t\tU\u010den\u00ed angli\u010dtiny by v ide\u00e1ln\u00edm p\u0159\u00edpad\u011b m\u011blo b\u00fdt p\u0159\u00edjemn\u00fdm a poutav\u00fdm procesem. Z\u00e1bavn\u00e9 u\u010den\u00ed jazyk\u016f m\u00e1 n\u011bkolik v\u00fdhod, v\u010detn\u011b zv\u00fd\u0161en\u00e9 motivace, lep\u0161\u00edho zapamatov\u00e1n\u00ed si u\u010diva a sn\u00ed\u017een\u00ed \u00fazkosti.\n\n\t\t\t\t\t<\/p>\n\t\t\t\t\n\t\t\t<\/div>\n\t\t\t\n\t\t<\/div>\n\t\t\t\t\t\t<\/div>\n\t\t\t\t<\/div>\n\t\t            <\/div>\n        <\/div>\n                <div class=\"elementor-column elementor-col-33 elementor-top-column elementor-element elementor-element-db1441f\" data-id=\"db1441f\" data-element_type=\"column\">\n        <div class=\"elementor-widget-wrap elementor-element-populated\">\n                    \n        \t\t<div class=\"elementor-element elementor-element-fb520ad elementor-view-default elementor-mobile-position-top elementor-vertical-align-top elementor-widget elementor-widget-icon-box\" data-id=\"fb520ad\" data-element_type=\"widget\" data-widget_type=\"icon-box.default\">\n\t\t\t\t<div class=\"elementor-widget-container\">\n\t\t\t\t\t\t\t<div class=\"elementor-icon-box-wrapper\">\n\n\t\t\t\t\t\t<div class=\"elementor-icon-box-icon\">\n\t\t\t\t<span  class=\"elementor-icon\">\n\t\t\t\t<i aria-hidden=\"true\" class=\"flaticon flaticon-teamwork\"><\/i>\t\t\t\t<\/span>\n\t\t\t<\/div>\n\t\t\t\n\t\t\t\t\t\t<div class=\"elementor-icon-box-content\">\n\n\t\t\t\t\t\t\t\t\t<h5 class=\"elementor-icon-box-title\">\n\t\t\t\t\t\t<span  >\n\t\t\t\t\t\t\tT\u00fdmov\u00e1 pr\u00e1ce znamen\u00e1, \u017ee nikdo nez\u016fstane pozadu\t\t\t\t\t\t<\/span>\n\t\t\t\t\t<\/h5>\n\t\t\t\t\n\t\t\t\t\t\t\t\t\t<p class=\"elementor-icon-box-description\">\n\t\t\t\t\t\tT\u00fdmov\u00e1 pr\u00e1ce je ned\u00edlnou sou\u010d\u00e1st\u00ed na\u0161\u00ed vzd\u011bl\u00e1vac\u00ed filozofie. V\u00edme, \u017ee ka\u017ed\u00fd student se u\u010d\u00ed jin\u00fdm tempem, a proto db\u00e1me na to, aby nikdo nez\u016fstal pozadu. N\u00e1\u0161 p\u0159\u00edstup ke vzd\u011bl\u00e1v\u00e1n\u00ed zahrnuje skupinov\u00e9 metody i individu\u00e1ln\u00ed p\u0159\u00edstup ke ka\u017ed\u00e9mu studentovi, proto\u017ee v\u011b\u0159\u00edme, \u017ee to p\u0159in\u00e1\u0161\u00ed nejlep\u0161\u00ed v\u00fdsledky. V na\u0161em programu se zam\u011b\u0159ujeme na t\u00fdmovou pr\u00e1ci, kter\u00e1 nejen pom\u016f\u017ee student\u016fm dos\u00e1hnout jejich pln\u00e9ho potenci\u00e1lu, ale tak\u00e9 pom\u016f\u017ee nav\u00e1zat nov\u00e1 p\u0159\u00e1telstv\u00ed.\t\t\t\t\t<\/p>\n\t\t\t\t\n\t\t\t<\/div>\n\t\t\t\n\t\t<\/div>\n\t\t\t\t\t\t<\/div>\n\t\t\t\t<\/div>\n\t\t            <\/div>\n        <\/div>\n                <div class=\"elementor-column elementor-col-33 elementor-top-column elementor-element elementor-element-f8b779b\" data-id=\"f8b779b\" data-element_type=\"column\">\n        <div class=\"elementor-widget-wrap elementor-element-populated\">\n                    \n        \t\t<div class=\"elementor-element elementor-element-89a1667 elementor-view-default elementor-mobile-position-top elementor-vertical-align-top elementor-widget elementor-widget-icon-box\" data-id=\"89a1667\" data-element_type=\"widget\" data-widget_type=\"icon-box.default\">\n\t\t\t\t<div class=\"elementor-widget-container\">\n\t\t\t\t\t\t\t<div class=\"elementor-icon-box-wrapper\">\n\n\t\t\t\t\t\t<div class=\"elementor-icon-box-icon\">\n\t\t\t\t<span  class=\"elementor-icon\">\n\t\t\t\t<i aria-hidden=\"true\" class=\"flaticonv5 flaticonv5-trust\"><\/i>\t\t\t\t<\/span>\n\t\t\t<\/div>\n\t\t\t\n\t\t\t\t\t\t<div class=\"elementor-icon-box-content\">\n\n\t\t\t\t\t\t\t\t\t<h5 class=\"elementor-icon-box-title\">\n\t\t\t\t\t\t<span  >\n\t\t\t\t\t\t\t Propojov\u00e1n\u00ed a budov\u00e1n\u00ed d\u016fv\u011bry\t\t\t\t\t\t<\/span>\n\t\t\t\t\t<\/h5>\n\t\t\t\t\n\t\t\t\t\t\t\t\t\t<p class=\"elementor-icon-box-description\">\n\t\t\t\t\t\tV english4fun klademe d\u016fraz na budov\u00e1n\u00ed d\u016fv\u011bry a budov\u00e1n\u00ed vztah\u016f s na\u0161imi studenty. Pak jsou studenti uvoln\u011bn\u011bj\u0161\u00ed, anga\u017eovan\u011bj\u0161\u00ed a motivovan\u011bj\u0161\u00ed k u\u010den\u00ed. Pro v\u0161echny na\u0161e studenty vytv\u00e1\u0159\u00edme v\u0159el\u00e9 a podp\u016frn\u00e9 prost\u0159ed\u00ed, kde se jejich hlas po\u010d\u00edt\u00e1, jejich ot\u00e1zky jsou v\u017edy v\u00edt\u00e1ny a ka\u017ed\u00fd je cen\u011bn jako jednotlivec..\n\t\t\t\t\t<\/p>\n\t\t\t\t\n\t\t\t<\/div>\n\t\t\t\n\t\t<\/div>\n\t\t\t\t\t\t<\/div>\n\t\t\t\t<\/div>\n\t\t            <\/div>\n        <\/div>\n                    <\/div>\n        <\/section>\n                <section class=\"elementor-section elementor-top-section elementor-element elementor-element-c7a4443 elementor-section-boxed elementor-section-height-default elementor-section-height-default ct-header-fixed-none ct-row-max-none\" data-id=\"c7a4443\" data-element_type=\"section\" data-settings=\"{&quot;background_background&quot;:&quot;classic&quot;}\">\n            \n                        <div class=\"elementor-container elementor-column-gap-extended \">\n                    <div class=\"elementor-column elementor-col-50 elementor-top-column elementor-element elementor-element-cf965f1\" data-id=\"cf965f1\" data-element_type=\"column\">\n        <div class=\"elementor-widget-wrap elementor-element-populated\">\n                    \n        \t\t<div class=\"elementor-element elementor-element-63b1246 elementor-widget elementor-widget-heading\" data-id=\"63b1246\" data-element_type=\"widget\" data-widget_type=\"heading.default\">\n\t\t\t\t<div class=\"elementor-widget-container\">\n\t\t\t\t\t<h2 class=\"elementor-heading-title elementor-size-default\">Vzd\u011bl\u00e1v\u00e1n\u00ed by m\u011blo b\u00fdt cenov\u011b dostupn\u00e9 \u2013 a pro ka\u017ed\u00e9ho!<\/h2>\t\t\t\t<\/div>\n\t\t\t\t<\/div>\n\t\t\t\t<div class=\"elementor-element elementor-element-7d518f5 elementor-widget-divider--view-line elementor-widget elementor-widget-divider\" data-id=\"7d518f5\" data-element_type=\"widget\" data-widget_type=\"divider.default\">\n\t\t\t\t<div class=\"elementor-widget-container\">\n\t\t\t\t\t\t\t<div class=\"elementor-divider\">\n\t\t\t<span class=\"elementor-divider-separator\">\n\t\t\t\t\t\t<\/span>\n\t\t<\/div>\n\t\t\t\t\t\t<\/div>\n\t\t\t\t<\/div>\n\t\t\t\t<div class=\"elementor-element elementor-element-164032e elementor-widget elementor-widget-text-editor\" data-id=\"164032e\" data-element_type=\"widget\" data-widget_type=\"text-editor.default\">\n\t\t\t\t<div class=\"elementor-widget-container\">\n\t\t\t\t\t\t\t\t\t<p>V\u011b\u0159\u00edme, \u017ee vzd\u011bl\u00e1n\u00ed by m\u011blo b\u00fdt dostupn\u00e9 pro ka\u017ed\u00e9ho, a v english4fun na to mysl\u00edme. Na\u0161e kurzy nab\u00edzej\u00ed nejvy\u0161\u0161\u00ed kvalitu vzd\u011bl\u00e1v\u00e1n\u00ed za velmi dostupnou cenu. N\u00e1\u0161 kurz m\u016f\u017ee b\u00fdt zcela nebo \u010d\u00e1ste\u010dn\u011b financov\u00e1n z r\u016fzn\u00fdch grant\u016f, nap\u0159. OP JAK v r\u00e1mci Inovativn\u00edho vzd\u011bl\u00e1v\u00e1n\u00ed.<\/p>\t\t\t\t\t\t\t\t<\/div>\n\t\t\t\t<\/div>\n\t\t            <\/div>\n        <\/div>\n                <div class=\"elementor-column elementor-col-50 elementor-top-column elementor-element elementor-element-2b27856\" data-id=\"2b27856\" data-element_type=\"column\">\n        <div class=\"elementor-widget-wrap elementor-element-populated\">\n                    \n        \t\t<div class=\"elementor-element elementor-element-002cfe3 elementor-widget elementor-widget-image\" data-id=\"002cfe3\" data-element_type=\"widget\" data-widget_type=\"image.default\">\n\t\t\t\t<div class=\"elementor-widget-container\">\n\t\t\t\t\t\t\t\t\t\t\t\t\t\t\t<img fetchpriority=\"high\" decoding=\"async\" width=\"689\" height=\"476\" src=\"https:\/\/english4fun.info\/wp-content\/uploads\/2025\/12\/Johan-with-kids-1a.jpg\" class=\"attachment-full size-full wp-image-5590\" alt=\"\" srcset=\"https:\/\/english4fun.info\/wp-content\/uploads\/2025\/12\/Johan-with-kids-1a.jpg 689w, https:\/\/english4fun.info\/wp-content\/uploads\/2025\/12\/Johan-with-kids-1a-300x207.jpg 300w\" sizes=\"(max-width: 689px) 100vw, 689px\" \/>\t\t\t\t\t\t\t\t\t\t\t\t\t\t\t<\/div>\n\t\t\t\t<\/div>\n\t\t            <\/div>\n        <\/div>\n                    <\/div>\n        <\/section>\n                <section class=\"elementor-section elementor-top-section elementor-element elementor-element-5b43c48 elementor-section-stretched elementor-section-boxed elementor-section-height-default elementor-section-height-default ct-header-fixed-none ct-row-max-none\" data-id=\"5b43c48\" data-element_type=\"section\" data-settings=\"{&quot;stretch_section&quot;:&quot;section-stretched&quot;,&quot;background_background&quot;:&quot;classic&quot;}\">\n                            <div class=\"elementor-background-overlay\"><\/div>\n                \n                        <div class=\"elementor-container elementor-column-gap-extended \">\n                    <div class=\"elementor-column elementor-col-100 elementor-top-column elementor-element elementor-element-b388c15\" data-id=\"b388c15\" data-element_type=\"column\">\n        <div class=\"elementor-widget-wrap elementor-element-populated\">\n                    \n                <section class=\"elementor-section elementor-inner-section elementor-element elementor-element-2405919 elementor-section-boxed elementor-section-height-default elementor-section-height-default ct-header-fixed-none ct-row-max-none\" data-id=\"2405919\" data-element_type=\"section\">\n            \n                        <div class=\"elementor-container elementor-column-gap-extended \">\n                    <div class=\"elementor-column elementor-col-33 elementor-inner-column elementor-element elementor-element-3022fb4\" data-id=\"3022fb4\" data-element_type=\"column\">\n        <div class=\"elementor-widget-wrap elementor-element-populated\">\n                    \n        \t\t<div class=\"elementor-element elementor-element-22dd2da elementor-view-default elementor-position-top elementor-mobile-position-top elementor-widget elementor-widget-icon-box\" data-id=\"22dd2da\" data-element_type=\"widget\" data-widget_type=\"icon-box.default\">\n\t\t\t\t<div class=\"elementor-widget-container\">\n\t\t\t\t\t\t\t<div class=\"elementor-icon-box-wrapper\">\n\n\t\t\t\t\t\t<div class=\"elementor-icon-box-icon\">\n\t\t\t\t<span  class=\"elementor-icon\">\n\t\t\t\t<i aria-hidden=\"true\" class=\"fas fa-school\"><\/i>\t\t\t\t<\/span>\n\t\t\t<\/div>\n\t\t\t\n\t\t\t\t\t\t<div class=\"elementor-icon-box-content\">\n\n\t\t\t\t\t\t\t\t\t<h3 class=\"elementor-icon-box-title\">\n\t\t\t\t\t\t<span  >\n\t\t\t\t\t\t\t150+\t\t\t\t\t\t<\/span>\n\t\t\t\t\t<\/h3>\n\t\t\t\t\n\t\t\t\t\t\t\t\t\t<p class=\"elementor-icon-box-description\">\n\t\t\t\t\t\t\u00dasp\u011b\u0161n\u00fdch projekt\u016f\t\t\t\t\t<\/p>\n\t\t\t\t\n\t\t\t<\/div>\n\t\t\t\n\t\t<\/div>\n\t\t\t\t\t\t<\/div>\n\t\t\t\t<\/div>\n\t\t            <\/div>\n        <\/div>\n                <div class=\"elementor-column elementor-col-33 elementor-inner-column elementor-element elementor-element-6b95746\" data-id=\"6b95746\" data-element_type=\"column\">\n        <div class=\"elementor-widget-wrap elementor-element-populated\">\n                    \n        \t\t<div class=\"elementor-element elementor-element-956d4c6 elementor-view-default elementor-position-top elementor-mobile-position-top elementor-widget elementor-widget-icon-box\" data-id=\"956d4c6\" data-element_type=\"widget\" data-widget_type=\"icon-box.default\">\n\t\t\t\t<div class=\"elementor-widget-container\">\n\t\t\t\t\t\t\t<div class=\"elementor-icon-box-wrapper\">\n\n\t\t\t\t\t\t<div class=\"elementor-icon-box-icon\">\n\t\t\t\t<span  class=\"elementor-icon\">\n\t\t\t\t<i aria-hidden=\"true\" class=\"flaticonv2 flaticonv2-happiness\"><\/i>\t\t\t\t<\/span>\n\t\t\t<\/div>\n\t\t\t\n\t\t\t\t\t\t<div class=\"elementor-icon-box-content\">\n\n\t\t\t\t\t\t\t\t\t<h3 class=\"elementor-icon-box-title\">\n\t\t\t\t\t\t<span  >\n\t\t\t\t\t\t\t4000+\t\t\t\t\t\t<\/span>\n\t\t\t\t\t<\/h3>\n\t\t\t\t\n\t\t\t\t\t\t\t\t\t<p class=\"elementor-icon-box-description\">\n\t\t\t\t\t\tSpokojen\u00fdch student\u016f\t\t\t\t\t<\/p>\n\t\t\t\t\n\t\t\t<\/div>\n\t\t\t\n\t\t<\/div>\n\t\t\t\t\t\t<\/div>\n\t\t\t\t<\/div>\n\t\t            <\/div>\n        <\/div>\n                <div class=\"elementor-column elementor-col-33 elementor-inner-column elementor-element elementor-element-3c4e923\" data-id=\"3c4e923\" data-element_type=\"column\">\n        <div class=\"elementor-widget-wrap elementor-element-populated\">\n                    \n        \t\t<div class=\"elementor-element elementor-element-7042c84 elementor-view-default elementor-position-top elementor-mobile-position-top elementor-widget elementor-widget-icon-box\" data-id=\"7042c84\" data-element_type=\"widget\" data-widget_type=\"icon-box.default\">\n\t\t\t\t<div class=\"elementor-widget-container\">\n\t\t\t\t\t\t\t<div class=\"elementor-icon-box-wrapper\">\n\n\t\t\t\t\t\t<div class=\"elementor-icon-box-icon\">\n\t\t\t\t<span  class=\"elementor-icon\">\n\t\t\t\t<i aria-hidden=\"true\" class=\"material zmdi zmdi-star-circle\"><\/i>\t\t\t\t<\/span>\n\t\t\t<\/div>\n\t\t\t\n\t\t\t\t\t\t<div class=\"elementor-icon-box-content\">\n\n\t\t\t\t\t\t\t\t\t<h3 class=\"elementor-icon-box-title\">\n\t\t\t\t\t\t<span  >\n\t\t\t\t\t\t\t4.9\/5\t\t\t\t\t\t<\/span>\n\t\t\t\t\t<\/h3>\n\t\t\t\t\n\t\t\t\t\t\t\t\t\t<p class=\"elementor-icon-box-description\">\n\t\t\t\t\t\tStars\t\t\t\t\t<\/p>\n\t\t\t\t\n\t\t\t<\/div>\n\t\t\t\n\t\t<\/div>\n\t\t\t\t\t\t<\/div>\n\t\t\t\t<\/div>\n\t\t            <\/div>\n        <\/div>\n                    <\/div>\n        <\/section>\n                    <\/div>\n        <\/div>\n                    <\/div>\n        <\/section>\n        \t\t<\/div>\n\t\t","protected":false},"excerpt":{"rendered":"<p>Kurzy anglick\u00e9 konverzace @ english4fun Kontakt Pracujeme se studenty na odbour\u00e1n\u00ed strachu, pos\u00edlen\u00ed jejich sebev\u011bdom\u00ed a komfortu p\u0159i ka\u017edodenn\u00ed komunikaci v angli\u010dtin\u011b. Odbour\u00e1n\u00ed strachu a ostychu, rozvoj sebev\u011bdom\u00ed a komfortu student\u016f p\u0159i be\u017en\u00e9 anglick\u00e9 konverzaci je kl\u00ed\u010dov\u00fdm aspektem jazykov\u00e9ho vzd\u011bl\u00e1v\u00e1n\u00ed, kter\u00fd zahrnuje r\u016fzn\u00e9 strategie a p\u0159\u00edstupy. C\u00edlem je pomoci student\u016fm st\u00e1t se plynulej\u0161\u00edmi a sebejist\u011bj\u0161\u00edmi [&hellip;]<\/p>\n","protected":false},"author":2,"featured_media":0,"parent":0,"menu_order":0,"comment_status":"closed","ping_status":"closed","template":"","meta":{"footnotes":""},"class_list":["post-9","page","type-page","status-publish","hentry"],"_links":{"self":[{"href":"https:\/\/english4fun.info\/index.php?rest_route=\/wp\/v2\/pages\/9","targetHints":{"allow":["GET"]}}],"collection":[{"href":"https:\/\/english4fun.info\/index.php?rest_route=\/wp\/v2\/pages"}],"about":[{"href":"https:\/\/english4fun.info\/index.php?rest_route=\/wp\/v2\/types\/page"}],"author":[{"embeddable":true,"href":"https:\/\/english4fun.info\/index.php?rest_route=\/wp\/v2\/users\/2"}],"replies":[{"embeddable":true,"href":"https:\/\/english4fun.info\/index.php?rest_route=%2Fwp%2Fv2%2Fcomments&post=9"}],"version-history":[{"count":119,"href":"https:\/\/english4fun.info\/index.php?rest_route=\/wp\/v2\/pages\/9\/revisions"}],"predecessor-version":[{"id":5715,"href":"https:\/\/english4fun.info\/index.php?rest_route=\/wp\/v2\/pages\/9\/revisions\/5715"}],"wp:attachment":[{"href":"https:\/\/english4fun.info\/index.php?rest_route=%2Fwp%2Fv2%2Fmedia&parent=9"}],"curies":[{"name":"wp","href":"https:\/\/api.w.org\/{rel}","templated":true}]}}