{"id":5499,"date":"2025-09-23T08:01:01","date_gmt":"2025-09-23T08:01:01","guid":{"rendered":"http:\/\/english4fun.info\/?page_id=5499"},"modified":"2026-01-01T16:25:42","modified_gmt":"2026-01-01T16:25:42","slug":"napsali-o-nas","status":"publish","type":"page","link":"https:\/\/english4fun.info\/?page_id=5499","title":{"rendered":"Napsali o n\u00e1s"},"content":{"rendered":"\t\t<div data-elementor-type=\"wp-page\" data-elementor-id=\"5499\" class=\"elementor elementor-5499\">\n\t\t\t\t<div class=\"elementor-element elementor-element-65b9786 e-flex e-con-boxed e-con e-parent\" data-id=\"65b9786\" data-element_type=\"container\">\n\t\t\t\t\t<div class=\"e-con-inner\">\n\t\t\t\t<div class=\"elementor-element elementor-element-3277cc8 elementor-widget elementor-widget-shortcode\" data-id=\"3277cc8\" data-element_type=\"widget\" data-widget_type=\"shortcode.default\">\n\t\t\t\t<div class=\"elementor-widget-container\">\n\t\t\t\t\t\t\t<div class=\"elementor-shortcode\"><style type=\"text\/css\">\n#foogallery-gallery-5650.fg-masonry .fg-item { width: 250px; }\n#foogallery-gallery-5650.fg-masonry { --fg-gutter: 10px; }<\/style>\n\t\t\t<div class=\"foogallery foogallery-container foogallery-masonry foogallery-lightbox-foogallery fg-center fg-masonry fg-ready fg-light fg-border-medium fg-round-small fg-shadow-outline fg-loading-default fg-loaded-fade-in fg-hover-semi-zoomed fg-captions-bottom fg-hover-fade fg-hover-zoom4 fg-fixed\" id=\"foogallery-gallery-5650\" data-foogallery=\"{&quot;item&quot;:{&quot;showCaptionTitle&quot;:true,&quot;showCaptionDescription&quot;:true},&quot;lazy&quot;:true,&quot;template&quot;:{&quot;columnWidth&quot;:250,&quot;gutter&quot;:10}}\" data-foogallery-lightbox=\"{&quot;thumbs&quot;:&quot;bottom&quot;,&quot;thumbsCaptions&quot;:false,&quot;thumbsBestFit&quot;:false,&quot;thumbsSmall&quot;:false,&quot;thumbsCaptionsAlign&quot;:&quot;default&quot;,&quot;info&quot;:&quot;bottom&quot;,&quot;infoVisible&quot;:true,&quot;infoOverlay&quot;:true,&quot;infoAlign&quot;:&quot;default&quot;,&quot;transition&quot;:&quot;fade&quot;,&quot;hoverButtons&quot;:false,&quot;fitMedia&quot;:false,&quot;noScrollbars&quot;:true,&quot;preserveButtonSpace&quot;:true,&quot;buttons&quot;:{&quot;fullscreen&quot;:true,&quot;info&quot;:true,&quot;thumbs&quot;:false},&quot;video&quot;:{&quot;autoPlay&quot;:true}}\" style=\"--fg-title-line-clamp: 2; --fg-description-line-clamp: 2;\" >\n\t\t<div class=\"fg-item fg-type-image fg-idle\"><figure class=\"fg-item-inner\"><a href=\"https:\/\/english4fun.info\/wp-content\/uploads\/2026\/01\/article-ZS-Kamenice-12-24_001.jpg\" data-caption-title=\"Z\u0160 Kamenice nad Lipou\" data-attachment-id=\"5639\" data-type=\"image\" class=\"fg-thumb\"><span class=\"fg-image-wrap\"><img fetchpriority=\"high\" decoding=\"async\" title=\"Z\u0160 Kamenice nad Lipou\" width=\"250\" height=\"354\" class=\"skip-lazy fg-image\" data-src-fg=\"https:\/\/english4fun.info\/wp-content\/uploads\/cache\/2026\/01\/article-ZS-Kamenice-12-24_001\/828181554.jpg\" src=\"data:image\/svg+xml,%3Csvg%20xmlns%3D%22http%3A%2F%2Fwww.w3.org%2F2000%2Fsvg%22%20width%3D%22250%22%20height%3D%22354%22%20viewBox%3D%220%200%20250%20354%22%3E%3C%2Fsvg%3E\" loading=\"eager\"><\/span><span class=\"fg-image-overlay\"><\/span><\/a><figcaption class=\"fg-caption\"><div class=\"fg-caption-inner\"><div class=\"fg-caption-title\">Z\u0160 Kamenice nad Lipou<\/div><\/div><\/figcaption><\/figure><div class=\"fg-loader\"><\/div><\/div><div class=\"fg-item fg-type-image fg-idle\"><figure class=\"fg-item-inner\"><a href=\"https:\/\/english4fun.info\/wp-content\/uploads\/2026\/01\/newsarticle-Komenda-02-25_001.jpg\" data-caption-title=\"\u017d\u00e1ci ze Z\u0160 Komensk\u00e9ho, Kralupy nad Vltavou\" data-attachment-id=\"5643\" data-type=\"image\" class=\"fg-thumb\"><span class=\"fg-image-wrap\"><img decoding=\"async\" title=\"\u017d\u00e1ci ze Z\u0160 Komensk\u00e9ho, Kralupy nad Vltavou\" width=\"250\" height=\"356\" class=\"skip-lazy fg-image\" data-src-fg=\"https:\/\/english4fun.info\/wp-content\/uploads\/cache\/2026\/01\/newsarticle-Komenda-02-25_001\/1920806567.jpg\" src=\"data:image\/svg+xml,%3Csvg%20xmlns%3D%22http%3A%2F%2Fwww.w3.org%2F2000%2Fsvg%22%20width%3D%22250%22%20height%3D%22356%22%20viewBox%3D%220%200%20250%20356%22%3E%3C%2Fsvg%3E\" loading=\"eager\"><\/span><span class=\"fg-image-overlay\"><\/span><\/a><figcaption class=\"fg-caption\"><div class=\"fg-caption-inner\"><div class=\"fg-caption-title\">\u017d\u00e1ci ze Z\u0160 Komensk\u00e9ho, Kralupy nad Vltavou<\/div><\/div><\/figcaption><\/figure><div class=\"fg-loader\"><\/div><\/div><div class=\"fg-item fg-type-image fg-idle\"><figure class=\"fg-item-inner\"><a href=\"https:\/\/english4fun.info\/wp-content\/uploads\/2026\/01\/clanek-tydenik-skolstvi.jpg\" data-caption-title=\"T\u00fdden\u00edk \u0161kolstv\u00ed\" data-attachment-id=\"5642\" data-type=\"image\" class=\"fg-thumb\"><span class=\"fg-image-wrap\"><img decoding=\"async\" title=\"T\u00fdden\u00edk \u0161kolstv\u00ed\" width=\"250\" height=\"176\" class=\"skip-lazy fg-image\" data-src-fg=\"https:\/\/english4fun.info\/wp-content\/uploads\/cache\/2026\/01\/clanek-tydenik-skolstvi\/3129977660.jpg\" src=\"data:image\/svg+xml,%3Csvg%20xmlns%3D%22http%3A%2F%2Fwww.w3.org%2F2000%2Fsvg%22%20width%3D%22250%22%20height%3D%22176%22%20viewBox%3D%220%200%20250%20176%22%3E%3C%2Fsvg%3E\" loading=\"eager\"><\/span><span class=\"fg-image-overlay\"><\/span><\/a><figcaption class=\"fg-caption\"><div class=\"fg-caption-inner\"><div class=\"fg-caption-title\">T\u00fdden\u00edk \u0161kolstv\u00ed<\/div><\/div><\/figcaption><\/figure><div class=\"fg-loader\"><\/div><\/div><div class=\"fg-item fg-type-image fg-idle\"><figure class=\"fg-item-inner\"><a href=\"https:\/\/english4fun.info\/wp-content\/uploads\/2026\/01\/article-ZS-VH-Kralupy-9-2024_001.jpg\" data-caption-title=\"Z\u0160 V\u00e1clava Havla, Kralupy nad Vltavou\" data-attachment-id=\"5640\" data-type=\"image\" class=\"fg-thumb\"><span class=\"fg-image-wrap\"><img decoding=\"async\" title=\"Z\u0160 V\u00e1clava Havla, Kralupy nad Vltavou\" width=\"250\" height=\"162\" class=\"skip-lazy fg-image\" data-src-fg=\"https:\/\/english4fun.info\/wp-content\/uploads\/cache\/2026\/01\/article-ZS-VH-Kralupy-9-2024_001\/1571756623.jpg\" src=\"data:image\/svg+xml,%3Csvg%20xmlns%3D%22http%3A%2F%2Fwww.w3.org%2F2000%2Fsvg%22%20width%3D%22250%22%20height%3D%22162%22%20viewBox%3D%220%200%20250%20162%22%3E%3C%2Fsvg%3E\" loading=\"eager\"><\/span><span class=\"fg-image-overlay\"><\/span><\/a><figcaption class=\"fg-caption\"><div class=\"fg-caption-inner\"><div class=\"fg-caption-title\">Z\u0160 V\u00e1clava Havla, Kralupy nad Vltavou<\/div><\/div><\/figcaption><\/figure><div class=\"fg-loader\"><\/div><\/div><div class=\"fg-item fg-type-image fg-idle\"><figure class=\"fg-item-inner\"><a href=\"https:\/\/english4fun.info\/wp-content\/uploads\/2026\/01\/Web-article-ZS-Husova-Tabor-2-25__001.jpg\" data-caption-title=\"\u010dl\u00e1nek z webu Z\u0160 Husova, T\u00e1bor\" data-attachment-id=\"5707\" data-type=\"image\" class=\"fg-thumb\"><span class=\"fg-image-wrap\"><img decoding=\"async\" title=\"\u010dl\u00e1nek z webu Z\u0160 Husova, T\u00e1bor\" width=\"250\" height=\"324\" class=\"skip-lazy fg-image\" data-src-fg=\"https:\/\/english4fun.info\/wp-content\/uploads\/cache\/2026\/01\/Web-article-ZS-Husova-Tabor-2-25__001\/1172156804.jpg\" src=\"data:image\/svg+xml,%3Csvg%20xmlns%3D%22http%3A%2F%2Fwww.w3.org%2F2000%2Fsvg%22%20width%3D%22250%22%20height%3D%22324%22%20viewBox%3D%220%200%20250%20324%22%3E%3C%2Fsvg%3E\" loading=\"eager\"><\/span><span class=\"fg-image-overlay\"><\/span><\/a><figcaption class=\"fg-caption\"><div class=\"fg-caption-inner\"><div class=\"fg-caption-title\">\u010dl\u00e1nek z webu Z\u0160 Husova, T\u00e1bor<\/div><\/div><\/figcaption><\/figure><div class=\"fg-loader\"><\/div><\/div><div class=\"fg-item fg-type-image fg-idle\"><figure class=\"fg-item-inner\"><a href=\"https:\/\/english4fun.info\/wp-content\/uploads\/2026\/01\/Web-article-ZS-Husova-Tabor-2-25__002.jpg\" data-caption-title=\"\u010dl\u00e1nek z webu Z\u0160 Husova, T\u00e1bor\" data-attachment-id=\"5708\" data-type=\"image\" class=\"fg-thumb\"><span class=\"fg-image-wrap\"><img decoding=\"async\" title=\"\u010dl\u00e1nek z webu Z\u0160 Husova, T\u00e1bor\" width=\"250\" height=\"324\" class=\"skip-lazy fg-image\" data-src-fg=\"https:\/\/english4fun.info\/wp-content\/uploads\/cache\/2026\/01\/Web-article-ZS-Husova-Tabor-2-25__002\/1231969364.jpg\" src=\"data:image\/svg+xml,%3Csvg%20xmlns%3D%22http%3A%2F%2Fwww.w3.org%2F2000%2Fsvg%22%20width%3D%22250%22%20height%3D%22324%22%20viewBox%3D%220%200%20250%20324%22%3E%3C%2Fsvg%3E\" loading=\"eager\"><\/span><span class=\"fg-image-overlay\"><\/span><\/a><figcaption class=\"fg-caption\"><div class=\"fg-caption-inner\"><div class=\"fg-caption-title\">\u010dl\u00e1nek z webu Z\u0160 Husova, T\u00e1bor<\/div><\/div><\/figcaption><\/figure><div class=\"fg-loader\"><\/div><\/div><div class=\"fg-item fg-type-image fg-idle\"><figure class=\"fg-item-inner\"><a href=\"https:\/\/english4fun.info\/wp-content\/uploads\/2026\/01\/article-ZS-Kralupy-Komenda-2-25_001_cr.jpg\" data-caption-title=\"Z\u0160 Komensk\u00e9ho, Kralupy nad Vltavou\" data-attachment-id=\"5709\" data-type=\"image\" class=\"fg-thumb\"><span class=\"fg-image-wrap\"><img decoding=\"async\" title=\"Z\u0160 Komensk\u00e9ho, Kralupy nad Vltavou\" width=\"250\" height=\"321\" class=\"skip-lazy fg-image\" data-src-fg=\"https:\/\/english4fun.info\/wp-content\/uploads\/cache\/2026\/01\/article-ZS-Kralupy-Komenda-2-25_001_cr\/1365423770.jpg\" src=\"data:image\/svg+xml,%3Csvg%20xmlns%3D%22http%3A%2F%2Fwww.w3.org%2F2000%2Fsvg%22%20width%3D%22250%22%20height%3D%22321%22%20viewBox%3D%220%200%20250%20321%22%3E%3C%2Fsvg%3E\" loading=\"eager\"><\/span><span class=\"fg-image-overlay\"><\/span><\/a><figcaption class=\"fg-caption\"><div class=\"fg-caption-inner\"><div class=\"fg-caption-title\">Z\u0160 Komensk\u00e9ho, Kralupy nad Vltavou<\/div><\/div><\/figcaption><\/figure><div class=\"fg-loader\"><\/div><\/div><\/div><\/div>\n\t\t\t\t\t\t<\/div>\n\t\t\t\t<\/div>\n\t\t\t\t\t<\/div>\n\t\t\t\t<\/div>\n\t\t\t\t<\/div>\n\t\t","protected":false},"excerpt":{"rendered":"","protected":false},"author":1,"featured_media":0,"parent":0,"menu_order":0,"comment_status":"closed","ping_status":"closed","template":"","meta":{"footnotes":""},"class_list":["post-5499","page","type-page","status-publish","hentry"],"_links":{"self":[{"href":"https:\/\/english4fun.info\/index.php?rest_route=\/wp\/v2\/pages\/5499","targetHints":{"allow":["GET"]}}],"collection":[{"href":"https:\/\/english4fun.info\/index.php?rest_route=\/wp\/v2\/pages"}],"about":[{"href":"https:\/\/english4fun.info\/index.php?rest_route=\/wp\/v2\/types\/page"}],"author":[{"embeddable":true,"href":"https:\/\/english4fun.info\/index.php?rest_route=\/wp\/v2\/users\/1"}],"replies":[{"embeddable":true,"href":"https:\/\/english4fun.info\/index.php?rest_route=%2Fwp%2Fv2%2Fcomments&post=5499"}],"version-history":[{"count":10,"href":"https:\/\/english4fun.info\/index.php?rest_route=\/wp\/v2\/pages\/5499\/revisions"}],"predecessor-version":[{"id":5653,"href":"https:\/\/english4fun.info\/index.php?rest_route=\/wp\/v2\/pages\/5499\/revisions\/5653"}],"wp:attachment":[{"href":"https:\/\/english4fun.info\/index.php?rest_route=%2Fwp%2Fv2%2Fmedia&parent=5499"}],"curies":[{"name":"wp","href":"https:\/\/api.w.org\/{rel}","templated":true}]}}