{"id":367,"date":"2019-11-11T02:18:04","date_gmt":"2019-11-11T02:18:04","guid":{"rendered":"https:\/\/demo.casethemes.net\/consultio-corporate3\/?page_id=367"},"modified":"2025-12-09T15:37:02","modified_gmt":"2025-12-09T15:37:02","slug":"testimonials","status":"publish","type":"page","link":"https:\/\/english4fun.info\/?page_id=367","title":{"rendered":"Testimonials"},"content":{"rendered":"\t\t<div data-elementor-type=\"wp-page\" data-elementor-id=\"367\" class=\"elementor elementor-367\">\n\t\t\t\t        <section class=\"elementor-section elementor-top-section elementor-element elementor-element-34be9a1 elementor-section-boxed elementor-section-height-default elementor-section-height-default ct-header-fixed-none ct-row-max-none\" data-id=\"34be9a1\" data-element_type=\"section\">\n            \n                        <div class=\"elementor-container elementor-column-gap-extended \">\n                    <div class=\"elementor-column elementor-col-100 elementor-top-column elementor-element elementor-element-5475e589\" data-id=\"5475e589\" data-element_type=\"column\">\n        <div class=\"elementor-widget-wrap elementor-element-populated\">\n                    \n        \t\t<div class=\"elementor-element elementor-element-4df1157a elementor-widget elementor-widget-heading\" data-id=\"4df1157a\" data-element_type=\"widget\" data-widget_type=\"heading.default\">\n\t\t\t\t<div class=\"elementor-widget-container\">\n\t\t\t\t\t<h3 class=\"elementor-heading-title elementor-size-default\">Reference od skute\u010dn\u00fdch student\u016f, kte\u0159\u00ed si na\u0161e programy vyzkou\u0161eli<\/h3>\t\t\t\t<\/div>\n\t\t\t\t<\/div>\n\t\t\t\t<div class=\"elementor-element elementor-element-41ce4996 elementor-widget-divider--view-line elementor-widget elementor-widget-divider\" data-id=\"41ce4996\" data-element_type=\"widget\" data-widget_type=\"divider.default\">\n\t\t\t\t<div class=\"elementor-widget-container\">\n\t\t\t\t\t\t\t<div class=\"elementor-divider\">\n\t\t\t<span class=\"elementor-divider-separator\">\n\t\t\t\t\t\t<\/span>\n\t\t<\/div>\n\t\t\t\t\t\t<\/div>\n\t\t\t\t<\/div>\n\t\t\t\t<div class=\"elementor-element elementor-element-7285e474 elementor-widget elementor-widget-text-editor\" data-id=\"7285e474\" data-element_type=\"widget\" data-widget_type=\"text-editor.default\">\n\t\t\t\t<div class=\"elementor-widget-container\">\n\t\t\t\t\t\t\t\t\t<p>V\u0161ichni v\u00edme, \u017ee d\u011bti dok\u00e1\u017eou \u0159\u00edct pravdu jako nikdo jin\u00fd! Tak\u017ee n\u00e1m nev\u011b\u0159te jen tak na slovo. Ur\u010dit\u011b nav\u0161tivte na\u0161i galerii a pod\u00edvejte se, co\u00a0<a href=\"https:\/\/english4fun.info\/about\/\">o n\u00e1s<\/a>\u00a0\u0159\u00edkaj\u00ed \u201eo\u010dit\u00ed sv\u011bdci\u201c, d\u011bti, kter\u00e9 na\u0161e\u00a0<a href=\"https:\/\/www.instagram.com\/johanf.uggla\/\">kurzy<\/a>\u00a0za\u017eily . \u00a0<\/p>\t\t\t\t\t\t\t\t<\/div>\n\t\t\t\t<\/div>\n\t\t            <\/div>\n        <\/div>\n                    <\/div>\n        <\/section>\n                <section class=\"elementor-section elementor-top-section elementor-element elementor-element-01c0a8c elementor-section-boxed elementor-section-height-default elementor-section-height-default ct-header-fixed-none ct-row-max-none\" data-id=\"01c0a8c\" data-element_type=\"section\">\n            \n                        <div class=\"elementor-container elementor-column-gap-default \">\n                    <div class=\"elementor-column elementor-col-100 elementor-top-column elementor-element elementor-element-1695462\" data-id=\"1695462\" data-element_type=\"column\">\n        <div class=\"elementor-widget-wrap elementor-element-populated\">\n                    \n        \t\t<div class=\"elementor-element elementor-element-2c18b4e elementor-widget elementor-widget-shortcode\" data-id=\"2c18b4e\" data-element_type=\"widget\" data-widget_type=\"shortcode.default\">\n\t\t\t\t<div class=\"elementor-widget-container\">\n\t\t\t\t\t\t\t<div class=\"elementor-shortcode\"><style type=\"text\/css\">\n#foogallery-gallery-5234 .fg-image { width: 300px; }\n#foogallery-gallery-5234 { --fg-gutter: 10px; }<\/style>\n\t\t\t<div class=\"foogallery foogallery-container foogallery-default foogallery-lightbox-foogallery fg-center fg-default fg-ready fg-light fg-border-thin fg-shadow-outline fg-loading-default fg-loaded-fade-in fg-caption-hover fg-hover-fade fg-hover-zoom\" id=\"foogallery-gallery-5234\" data-foogallery=\"{&quot;item&quot;:{&quot;showCaptionTitle&quot;:true,&quot;showCaptionDescription&quot;:true},&quot;lazy&quot;:true}\" data-foogallery-lightbox=\"{&quot;thumbs&quot;:&quot;bottom&quot;,&quot;thumbsCaptions&quot;:false,&quot;thumbsBestFit&quot;:false,&quot;thumbsSmall&quot;:false,&quot;thumbsCaptionsAlign&quot;:&quot;default&quot;,&quot;info&quot;:&quot;bottom&quot;,&quot;infoVisible&quot;:true,&quot;infoOverlay&quot;:true,&quot;infoAlign&quot;:&quot;default&quot;,&quot;transition&quot;:&quot;fade&quot;,&quot;hoverButtons&quot;:false,&quot;fitMedia&quot;:false,&quot;noScrollbars&quot;:true,&quot;preserveButtonSpace&quot;:true,&quot;buttons&quot;:{&quot;fullscreen&quot;:true,&quot;info&quot;:true,&quot;thumbs&quot;:false},&quot;video&quot;:{&quot;autoPlay&quot;:true}}\" style=\"--fg-title-line-clamp: 0; --fg-description-line-clamp: 0;\" >\n\t<div class=\"fg-item fg-type-image fg-idle\"><figure class=\"fg-item-inner\"><a href=\"https:\/\/english4fun.info\/wp-content\/uploads\/2024\/02\/IMG_20240208_171429.jpg\" data-attachment-id=\"5293\" data-type=\"image\" class=\"fg-thumb\"><span class=\"fg-image-wrap\"><img fetchpriority=\"high\" decoding=\"async\" width=\"300\" height=\"300\" class=\"skip-lazy fg-image\" data-src-fg=\"https:\/\/english4fun.info\/wp-content\/uploads\/cache\/2024\/02\/IMG_20240208_171429\/2688745021.jpg\" data-srcset-fg=\"https:\/\/english4fun.info\/wp-content\/uploads\/cache\/2024\/02\/IMG_20240208_171429\/557722777.jpg 2x\" src=\"data:image\/svg+xml,%3Csvg%20xmlns%3D%22http%3A%2F%2Fwww.w3.org%2F2000%2Fsvg%22%20width%3D%22300%22%20height%3D%22300%22%20viewBox%3D%220%200%20300%20300%22%3E%3C%2Fsvg%3E\" loading=\"eager\"><\/span><span class=\"fg-image-overlay\"><\/span><\/a><\/figure><div class=\"fg-loader\"><\/div><\/div><div class=\"fg-item fg-type-image fg-idle\"><figure class=\"fg-item-inner\"><a href=\"https:\/\/english4fun.info\/wp-content\/uploads\/2024\/02\/IMG_20240208_172030-scaled.jpg\" data-attachment-id=\"5299\" data-type=\"image\" class=\"fg-thumb\"><span class=\"fg-image-wrap\"><img decoding=\"async\" width=\"300\" height=\"300\" class=\"skip-lazy fg-image\" data-src-fg=\"https:\/\/english4fun.info\/wp-content\/uploads\/cache\/2024\/02\/IMG_20240208_172030-scaled\/848773491.jpg\" data-srcset-fg=\"https:\/\/english4fun.info\/wp-content\/uploads\/cache\/2024\/02\/IMG_20240208_172030-scaled\/3074611130.jpg 2x\" src=\"data:image\/svg+xml,%3Csvg%20xmlns%3D%22http%3A%2F%2Fwww.w3.org%2F2000%2Fsvg%22%20width%3D%22300%22%20height%3D%22300%22%20viewBox%3D%220%200%20300%20300%22%3E%3C%2Fsvg%3E\" loading=\"eager\"><\/span><span class=\"fg-image-overlay\"><\/span><\/a><\/figure><div class=\"fg-loader\"><\/div><\/div><div class=\"fg-item fg-type-image fg-idle\"><figure class=\"fg-item-inner\"><a href=\"https:\/\/english4fun.info\/wp-content\/uploads\/2024\/02\/IMG_20240208_171704-scaled.jpg\" data-attachment-id=\"5296\" data-type=\"image\" class=\"fg-thumb\"><span class=\"fg-image-wrap\"><img decoding=\"async\" width=\"300\" height=\"300\" class=\"skip-lazy fg-image\" data-src-fg=\"https:\/\/english4fun.info\/wp-content\/uploads\/cache\/2024\/02\/IMG_20240208_171704-scaled\/177002677.jpg\" data-srcset-fg=\"https:\/\/english4fun.info\/wp-content\/uploads\/cache\/2024\/02\/IMG_20240208_171704-scaled\/2404994684.jpg 2x\" src=\"data:image\/svg+xml,%3Csvg%20xmlns%3D%22http%3A%2F%2Fwww.w3.org%2F2000%2Fsvg%22%20width%3D%22300%22%20height%3D%22300%22%20viewBox%3D%220%200%20300%20300%22%3E%3C%2Fsvg%3E\" loading=\"eager\"><\/span><span class=\"fg-image-overlay\"><\/span><\/a><\/figure><div class=\"fg-loader\"><\/div><\/div><div class=\"fg-item fg-type-image fg-idle\"><figure class=\"fg-item-inner\"><a href=\"https:\/\/english4fun.info\/wp-content\/uploads\/2024\/02\/IMG_20240208_171349-scaled.jpg\" data-attachment-id=\"5292\" data-type=\"image\" class=\"fg-thumb\"><span class=\"fg-image-wrap\"><img decoding=\"async\" width=\"300\" height=\"300\" class=\"skip-lazy fg-image\" data-src-fg=\"https:\/\/english4fun.info\/wp-content\/uploads\/cache\/2024\/02\/IMG_20240208_171349-scaled\/3626779974.jpg\" data-srcset-fg=\"https:\/\/english4fun.info\/wp-content\/uploads\/cache\/2024\/02\/IMG_20240208_171349-scaled\/1576653711.jpg 2x\" src=\"data:image\/svg+xml,%3Csvg%20xmlns%3D%22http%3A%2F%2Fwww.w3.org%2F2000%2Fsvg%22%20width%3D%22300%22%20height%3D%22300%22%20viewBox%3D%220%200%20300%20300%22%3E%3C%2Fsvg%3E\" loading=\"eager\"><\/span><span class=\"fg-image-overlay\"><\/span><\/a><\/figure><div class=\"fg-loader\"><\/div><\/div><div class=\"fg-item fg-type-image fg-idle\"><figure class=\"fg-item-inner\"><a href=\"https:\/\/english4fun.info\/wp-content\/uploads\/2024\/02\/IMG_20240208_171738-scaled.jpg\" data-attachment-id=\"5297\" data-type=\"image\" class=\"fg-thumb\"><span class=\"fg-image-wrap\"><img decoding=\"async\" width=\"300\" height=\"300\" class=\"skip-lazy fg-image\" data-src-fg=\"https:\/\/english4fun.info\/wp-content\/uploads\/cache\/2024\/02\/IMG_20240208_171738-scaled\/3752912446.jpg\" data-srcset-fg=\"https:\/\/english4fun.info\/wp-content\/uploads\/cache\/2024\/02\/IMG_20240208_171738-scaled\/1516597495.jpg 2x\" src=\"data:image\/svg+xml,%3Csvg%20xmlns%3D%22http%3A%2F%2Fwww.w3.org%2F2000%2Fsvg%22%20width%3D%22300%22%20height%3D%22300%22%20viewBox%3D%220%200%20300%20300%22%3E%3C%2Fsvg%3E\" loading=\"eager\"><\/span><span class=\"fg-image-overlay\"><\/span><\/a><\/figure><div class=\"fg-loader\"><\/div><\/div><div class=\"fg-item fg-type-image fg-idle\"><figure class=\"fg-item-inner\"><a href=\"https:\/\/english4fun.info\/wp-content\/uploads\/2024\/02\/IMG_20240208_171814-scaled.jpg\" data-attachment-id=\"5298\" data-type=\"image\" class=\"fg-thumb\"><span class=\"fg-image-wrap\"><img decoding=\"async\" width=\"300\" height=\"300\" class=\"skip-lazy fg-image\" data-src-fg=\"https:\/\/english4fun.info\/wp-content\/uploads\/cache\/2024\/02\/IMG_20240208_171814-scaled\/2329718802.jpg\" data-srcset-fg=\"https:\/\/english4fun.info\/wp-content\/uploads\/cache\/2024\/02\/IMG_20240208_171814-scaled\/252258011.jpg 2x\" src=\"data:image\/svg+xml,%3Csvg%20xmlns%3D%22http%3A%2F%2Fwww.w3.org%2F2000%2Fsvg%22%20width%3D%22300%22%20height%3D%22300%22%20viewBox%3D%220%200%20300%20300%22%3E%3C%2Fsvg%3E\" loading=\"eager\"><\/span><span class=\"fg-image-overlay\"><\/span><\/a><\/figure><div class=\"fg-loader\"><\/div><\/div><div class=\"fg-item fg-type-image fg-idle\"><figure class=\"fg-item-inner\"><a href=\"https:\/\/english4fun.info\/wp-content\/uploads\/2024\/01\/std4.jpg\" data-attachment-id=\"5054\" data-type=\"image\" class=\"fg-thumb\"><span class=\"fg-image-wrap\"><img decoding=\"async\" width=\"300\" height=\"300\" class=\"skip-lazy fg-image\" data-src-fg=\"https:\/\/english4fun.info\/wp-content\/uploads\/2024\/01\/std4.jpg\" src=\"data:image\/svg+xml,%3Csvg%20xmlns%3D%22http%3A%2F%2Fwww.w3.org%2F2000%2Fsvg%22%20width%3D%22300%22%20height%3D%22300%22%20viewBox%3D%220%200%20300%20300%22%3E%3C%2Fsvg%3E\" loading=\"eager\"><\/span><span class=\"fg-image-overlay\"><\/span><\/a><\/figure><div class=\"fg-loader\"><\/div><\/div><div class=\"fg-item fg-type-image fg-idle\"><figure class=\"fg-item-inner\"><a href=\"https:\/\/english4fun.info\/wp-content\/uploads\/2024\/02\/IMG_20240208_171608-scaled.jpg\" data-attachment-id=\"5295\" data-type=\"image\" class=\"fg-thumb\"><span class=\"fg-image-wrap\"><img decoding=\"async\" width=\"300\" height=\"300\" class=\"skip-lazy fg-image\" data-src-fg=\"https:\/\/english4fun.info\/wp-content\/uploads\/cache\/2024\/02\/IMG_20240208_171608-scaled\/3635271924.jpg\" data-srcset-fg=\"https:\/\/english4fun.info\/wp-content\/uploads\/cache\/2024\/02\/IMG_20240208_171608-scaled\/1568165437.jpg 2x\" src=\"data:image\/svg+xml,%3Csvg%20xmlns%3D%22http%3A%2F%2Fwww.w3.org%2F2000%2Fsvg%22%20width%3D%22300%22%20height%3D%22300%22%20viewBox%3D%220%200%20300%20300%22%3E%3C%2Fsvg%3E\" loading=\"eager\"><\/span><span class=\"fg-image-overlay\"><\/span><\/a><\/figure><div class=\"fg-loader\"><\/div><\/div><div class=\"fg-item fg-type-image fg-idle\"><figure class=\"fg-item-inner\"><a href=\"https:\/\/english4fun.info\/wp-content\/uploads\/2024\/02\/IMG_20240208_171236-scaled.jpg\" data-attachment-id=\"5291\" data-type=\"image\" class=\"fg-thumb\"><span class=\"fg-image-wrap\"><img decoding=\"async\" width=\"300\" height=\"300\" class=\"skip-lazy fg-image\" data-src-fg=\"https:\/\/english4fun.info\/wp-content\/uploads\/cache\/2024\/02\/IMG_20240208_171236-scaled\/3867793163.jpg\" data-srcset-fg=\"https:\/\/english4fun.info\/wp-content\/uploads\/cache\/2024\/02\/IMG_20240208_171236-scaled\/1666990530.jpg 2x\" src=\"data:image\/svg+xml,%3Csvg%20xmlns%3D%22http%3A%2F%2Fwww.w3.org%2F2000%2Fsvg%22%20width%3D%22300%22%20height%3D%22300%22%20viewBox%3D%220%200%20300%20300%22%3E%3C%2Fsvg%3E\" loading=\"eager\"><\/span><span class=\"fg-image-overlay\"><\/span><\/a><\/figure><div class=\"fg-loader\"><\/div><\/div><div class=\"fg-item fg-type-image fg-idle\"><figure class=\"fg-item-inner\"><a href=\"https:\/\/english4fun.info\/wp-content\/uploads\/2024\/02\/IMG_20240208_171502-scaled.jpg\" data-attachment-id=\"5294\" data-type=\"image\" class=\"fg-thumb\"><span class=\"fg-image-wrap\"><img decoding=\"async\" width=\"300\" height=\"300\" class=\"skip-lazy fg-image\" data-src-fg=\"https:\/\/english4fun.info\/wp-content\/uploads\/cache\/2024\/02\/IMG_20240208_171502-scaled\/1429855739.jpg\" data-srcset-fg=\"https:\/\/english4fun.info\/wp-content\/uploads\/cache\/2024\/02\/IMG_20240208_171502-scaled\/3505146674.jpg 2x\" src=\"data:image\/svg+xml,%3Csvg%20xmlns%3D%22http%3A%2F%2Fwww.w3.org%2F2000%2Fsvg%22%20width%3D%22300%22%20height%3D%22300%22%20viewBox%3D%220%200%20300%20300%22%3E%3C%2Fsvg%3E\" loading=\"eager\"><\/span><span class=\"fg-image-overlay\"><\/span><\/a><\/figure><div class=\"fg-loader\"><\/div><\/div><div class=\"fg-item fg-type-image fg-idle\"><figure class=\"fg-item-inner\"><a href=\"https:\/\/english4fun.info\/wp-content\/uploads\/2024\/02\/IMG_20231124_103436.jpg\" data-attachment-id=\"5289\" data-type=\"image\" class=\"fg-thumb\"><span class=\"fg-image-wrap\"><img decoding=\"async\" width=\"300\" height=\"300\" class=\"skip-lazy fg-image\" data-src-fg=\"https:\/\/english4fun.info\/wp-content\/uploads\/2024\/02\/IMG_20231124_103436.jpg\" src=\"data:image\/svg+xml,%3Csvg%20xmlns%3D%22http%3A%2F%2Fwww.w3.org%2F2000%2Fsvg%22%20width%3D%22300%22%20height%3D%22300%22%20viewBox%3D%220%200%20300%20300%22%3E%3C%2Fsvg%3E\" loading=\"eager\"><\/span><span class=\"fg-image-overlay\"><\/span><\/a><\/figure><div class=\"fg-loader\"><\/div><\/div><div class=\"fg-item fg-type-image fg-idle\"><figure class=\"fg-item-inner\"><a href=\"https:\/\/english4fun.info\/wp-content\/uploads\/2024\/01\/std.jpg\" data-attachment-id=\"5056\" data-type=\"image\" class=\"fg-thumb\"><span class=\"fg-image-wrap\"><img decoding=\"async\" alt=\"English4Fun\" width=\"300\" height=\"300\" class=\"skip-lazy fg-image\" data-src-fg=\"https:\/\/english4fun.info\/wp-content\/uploads\/cache\/2024\/01\/std\/3255488436.jpg\" data-srcset-fg=\"https:\/\/english4fun.info\/wp-content\/uploads\/cache\/2024\/01\/std\/2450525655.jpg 2x\" src=\"data:image\/svg+xml,%3Csvg%20xmlns%3D%22http%3A%2F%2Fwww.w3.org%2F2000%2Fsvg%22%20width%3D%22300%22%20height%3D%22300%22%20viewBox%3D%220%200%20300%20300%22%3E%3C%2Fsvg%3E\" loading=\"eager\"><\/span><span class=\"fg-image-overlay\"><\/span><\/a><\/figure><div class=\"fg-loader\"><\/div><\/div><div class=\"fg-item fg-type-image fg-idle\"><figure class=\"fg-item-inner\"><a href=\"https:\/\/english4fun.info\/wp-content\/uploads\/2024\/01\/std5.jpg\" data-attachment-id=\"5053\" data-type=\"image\" class=\"fg-thumb\"><span class=\"fg-image-wrap\"><img decoding=\"async\" width=\"300\" height=\"300\" class=\"skip-lazy fg-image\" data-src-fg=\"https:\/\/english4fun.info\/wp-content\/uploads\/cache\/2024\/01\/std5\/3830807306.jpg\" data-srcset-fg=\"https:\/\/english4fun.info\/wp-content\/uploads\/cache\/2024\/01\/std5\/817778986.jpg 2x\" src=\"data:image\/svg+xml,%3Csvg%20xmlns%3D%22http%3A%2F%2Fwww.w3.org%2F2000%2Fsvg%22%20width%3D%22300%22%20height%3D%22300%22%20viewBox%3D%220%200%20300%20300%22%3E%3C%2Fsvg%3E\" loading=\"eager\"><\/span><span class=\"fg-image-overlay\"><\/span><\/a><\/figure><div class=\"fg-loader\"><\/div><\/div><div class=\"fg-item fg-type-image fg-idle\"><figure class=\"fg-item-inner\"><a href=\"https:\/\/english4fun.info\/wp-content\/uploads\/2024\/01\/std6.jpg\" data-attachment-id=\"5052\" data-type=\"image\" class=\"fg-thumb\"><span class=\"fg-image-wrap\"><img decoding=\"async\" width=\"300\" height=\"300\" class=\"skip-lazy fg-image\" data-src-fg=\"https:\/\/english4fun.info\/wp-content\/uploads\/cache\/2024\/01\/std6\/1958033943.jpg\" data-srcset-fg=\"https:\/\/english4fun.info\/wp-content\/uploads\/cache\/2024\/01\/std6\/2690519095.jpg 2x\" src=\"data:image\/svg+xml,%3Csvg%20xmlns%3D%22http%3A%2F%2Fwww.w3.org%2F2000%2Fsvg%22%20width%3D%22300%22%20height%3D%22300%22%20viewBox%3D%220%200%20300%20300%22%3E%3C%2Fsvg%3E\" loading=\"eager\"><\/span><span class=\"fg-image-overlay\"><\/span><\/a><\/figure><div class=\"fg-loader\"><\/div><\/div><div class=\"fg-item fg-type-image fg-idle\"><figure class=\"fg-item-inner\"><a href=\"https:\/\/english4fun.info\/wp-content\/uploads\/2024\/02\/IMG_20231101_091645.jpg\" data-attachment-id=\"5288\" data-type=\"image\" class=\"fg-thumb\"><span class=\"fg-image-wrap\"><img decoding=\"async\" width=\"300\" height=\"300\" class=\"skip-lazy fg-image\" data-src-fg=\"https:\/\/english4fun.info\/wp-content\/uploads\/cache\/2024\/02\/IMG_20231101_091645\/1964149747.jpg\" data-srcset-fg=\"https:\/\/english4fun.info\/wp-content\/uploads\/cache\/2024\/02\/IMG_20231101_091645\/4100872535.jpg 2x\" src=\"data:image\/svg+xml,%3Csvg%20xmlns%3D%22http%3A%2F%2Fwww.w3.org%2F2000%2Fsvg%22%20width%3D%22300%22%20height%3D%22300%22%20viewBox%3D%220%200%20300%20300%22%3E%3C%2Fsvg%3E\" loading=\"eager\"><\/span><span class=\"fg-image-overlay\"><\/span><\/a><\/figure><div class=\"fg-loader\"><\/div><\/div><div class=\"fg-item fg-type-image fg-idle\"><figure class=\"fg-item-inner\"><a href=\"https:\/\/english4fun.info\/wp-content\/uploads\/2024\/02\/Johans-portrait-by-Kristyna-from-Ledec-na-Sazavou-scaled.jpg\" data-attachment-id=\"5300\" data-type=\"image\" class=\"fg-thumb\"><span class=\"fg-image-wrap\"><img decoding=\"async\" width=\"300\" height=\"300\" class=\"skip-lazy fg-image\" data-src-fg=\"https:\/\/english4fun.info\/wp-content\/uploads\/cache\/2024\/02\/Johans-portrait-by-Kristyna-from-Ledec-na-Sazavou-scaled\/3115148952.jpg\" data-srcset-fg=\"https:\/\/english4fun.info\/wp-content\/uploads\/cache\/2024\/02\/Johans-portrait-by-Kristyna-from-Ledec-na-Sazavou-scaled\/3986614599.jpg 2x\" src=\"data:image\/svg+xml,%3Csvg%20xmlns%3D%22http%3A%2F%2Fwww.w3.org%2F2000%2Fsvg%22%20width%3D%22300%22%20height%3D%22300%22%20viewBox%3D%220%200%20300%20300%22%3E%3C%2Fsvg%3E\" loading=\"eager\"><\/span><span class=\"fg-image-overlay\"><\/span><\/a><\/figure><div class=\"fg-loader\"><\/div><\/div><div class=\"fg-item fg-type-image fg-idle\"><figure class=\"fg-item-inner\"><a href=\"https:\/\/english4fun.info\/wp-content\/uploads\/2024\/01\/Ledice-younger-group-photo-crazy-4-website-scaled.jpeg\" data-attachment-id=\"5033\" data-type=\"image\" class=\"fg-thumb\"><span class=\"fg-image-wrap\"><img decoding=\"async\" width=\"300\" height=\"300\" class=\"skip-lazy fg-image\" data-src-fg=\"https:\/\/english4fun.info\/wp-content\/uploads\/cache\/2024\/01\/Ledice-younger-group-photo-crazy-4-website-scaled\/2190079490.jpeg\" data-srcset-fg=\"https:\/\/english4fun.info\/wp-content\/uploads\/cache\/2024\/01\/Ledice-younger-group-photo-crazy-4-website-scaled\/260495266.jpeg 2x\" src=\"data:image\/svg+xml,%3Csvg%20xmlns%3D%22http%3A%2F%2Fwww.w3.org%2F2000%2Fsvg%22%20width%3D%22300%22%20height%3D%22300%22%20viewBox%3D%220%200%20300%20300%22%3E%3C%2Fsvg%3E\" loading=\"eager\"><\/span><span class=\"fg-image-overlay\"><\/span><\/a><\/figure><div class=\"fg-loader\"><\/div><\/div><div class=\"fg-item fg-type-image fg-idle\"><figure class=\"fg-item-inner\"><a href=\"https:\/\/english4fun.info\/wp-content\/uploads\/2024\/02\/Thank-you-poster-Jirkov_001.jpg\" data-attachment-id=\"5695\" data-type=\"image\" class=\"fg-thumb\"><span class=\"fg-image-wrap\"><img decoding=\"async\" width=\"300\" height=\"300\" class=\"skip-lazy fg-image\" data-src-fg=\"https:\/\/english4fun.info\/wp-content\/uploads\/cache\/2024\/02\/Thank-you-poster-Jirkov_001\/1678435477.jpg\" src=\"data:image\/svg+xml,%3Csvg%20xmlns%3D%22http%3A%2F%2Fwww.w3.org%2F2000%2Fsvg%22%20width%3D%22300%22%20height%3D%22300%22%20viewBox%3D%220%200%20300%20300%22%3E%3C%2Fsvg%3E\" loading=\"eager\"><\/span><span class=\"fg-image-overlay\"><\/span><\/a><\/figure><div class=\"fg-loader\"><\/div><\/div><\/div>\n<\/div>\n\t\t\t\t\t\t<\/div>\n\t\t\t\t<\/div>\n\t\t            <\/div>\n        <\/div>\n                    <\/div>\n        <\/section>\n        \t\t<\/div>\n\t\t","protected":false},"excerpt":{"rendered":"<p>Reference od skute\u010dn\u00fdch student\u016f, kte\u0159\u00ed si na\u0161e programy vyzkou\u0161eli V\u0161ichni v\u00edme, \u017ee d\u011bti dok\u00e1\u017eou \u0159\u00edct pravdu jako nikdo jin\u00fd! Tak\u017ee n\u00e1m nev\u011b\u0159te jen tak na slovo. Ur\u010dit\u011b nav\u0161tivte na\u0161i galerii a pod\u00edvejte se, co\u00a0o n\u00e1s\u00a0\u0159\u00edkaj\u00ed \u201eo\u010dit\u00ed sv\u011bdci\u201c, d\u011bti, kter\u00e9 na\u0161e\u00a0kurzy\u00a0za\u017eily .<\/p>\n","protected":false},"author":2,"featured_media":0,"parent":0,"menu_order":0,"comment_status":"closed","ping_status":"closed","template":"","meta":{"footnotes":""},"class_list":["post-367","page","type-page","status-publish","hentry"],"_links":{"self":[{"href":"https:\/\/english4fun.info\/index.php?rest_route=\/wp\/v2\/pages\/367","targetHints":{"allow":["GET"]}}],"collection":[{"href":"https:\/\/english4fun.info\/index.php?rest_route=\/wp\/v2\/pages"}],"about":[{"href":"https:\/\/english4fun.info\/index.php?rest_route=\/wp\/v2\/types\/page"}],"author":[{"embeddable":true,"href":"https:\/\/english4fun.info\/index.php?rest_route=\/wp\/v2\/users\/2"}],"replies":[{"embeddable":true,"href":"https:\/\/english4fun.info\/index.php?rest_route=%2Fwp%2Fv2%2Fcomments&post=367"}],"version-history":[{"count":32,"href":"https:\/\/english4fun.info\/index.php?rest_route=\/wp\/v2\/pages\/367\/revisions"}],"predecessor-version":[{"id":5487,"href":"https:\/\/english4fun.info\/index.php?rest_route=\/wp\/v2\/pages\/367\/revisions\/5487"}],"wp:attachment":[{"href":"https:\/\/english4fun.info\/index.php?rest_route=%2Fwp%2Fv2%2Fmedia&parent=367"}],"curies":[{"name":"wp","href":"https:\/\/api.w.org\/{rel}","templated":true}]}}